{"id":34,"date":"2013-05-19T18:14:16","date_gmt":"2013-05-19T17:14:16","guid":{"rendered":"http:\/\/www.analysedepratique.org\/?page_id=34"},"modified":"2020-11-06T15:46:56","modified_gmt":"2020-11-06T14:46:56","slug":"contact","status":"publish","type":"page","link":"https:\/\/www.analysedepratique.org\/?page_id=34","title":{"rendered":"Contact"},"content":{"rendered":"<p style=\"text-align: center;\">Pour nous contacter ou nous adresser un message, veuillez remplir le formulaire ci-apr\u00e8s.<\/p>\n<p style=\"text-align: center;\">Vous recevrez une r\u00e9ponse de notre part dans les meilleurs d\u00e9lais.<\/p>\n<p>&nbsp;<\/p>\n<p style=\"text-align: center;\"><style>.lepopup-progress-14 div.lepopup-progress-t1>div{background-color:rgba(224, 224, 224, 1);}.lepopup-progress-14 div.lepopup-progress-t1>div>div{background-color:rgba(255, 255, 255, 1);}.lepopup-progress-14 div.lepopup-progress-t1>div>div{color:rgba(255, 255, 255, 1);}.lepopup-progress-14 div.lepopup-progress-t1>label{color:rgba(237, 218, 223, 1);}.lepopup-form-14, .lepopup-form-14 *, .lepopup-progress-14 {font-size:15px;color:rgba(240, 214, 214, 1);font-style:normal;text-decoration:none;text-align:left;}.lepopup-form-14 .lepopup-element div.lepopup-input div.lepopup-signature-box span i{font-family:'Arial','arial';font-size:14px;color:#000000;font-style:normal;text-decoration:none;text-align:left;}.lepopup-form-14 .lepopup-element div.lepopup-input div.lepopup-signature-box,.lepopup-form-14 .lepopup-element div.lepopup-input div.lepopup-multiselect,.lepopup-form-14 .lepopup-element div.lepopup-input input[type='text'],.lepopup-form-14 .lepopup-element div.lepopup-input input[type='email'],.lepopup-form-14 .lepopup-element div.lepopup-input input[type='password'],.lepopup-form-14 .lepopup-element div.lepopup-input select,.lepopup-form-14 .lepopup-element div.lepopup-input select option,.lepopup-form-14 .lepopup-element div.lepopup-input textarea{font-family:'Arial','arial';font-size:14px;color:#000000;font-style:normal;text-decoration:none;text-align:left;background-color:rgba(255, 255, 255, 1);background-image:none;border-width:2px;border-style:solid;border-color:rgba(173, 173, 173, 0.8);border-radius:0px;box-shadow:none;}.lepopup-form-14 .lepopup-element div.lepopup-input ::placeholder{color:#000000; opacity: 0.9;} .lepopup-form-14 .lepopup-element div.lepopup-input ::-ms-input-placeholder{color:#000000; opacity: 0.9;}.lepopup-form-14 .lepopup-element div.lepopup-input div.lepopup-multiselect::-webkit-scrollbar-thumb{background-color:rgba(173, 173, 173, 0.8);}.lepopup-form-14 .lepopup-element div.lepopup-input>i.lepopup-icon-left, .lepopup-form-14 .lepopup-element div.lepopup-input>i.lepopup-icon-right{font-size:20px;color:#444444;border-radius:0px;}.lepopup-form-14 .lepopup-element .lepopup-button,.lepopup-form-14 .lepopup-element .lepopup-button:visited{font-family:'Arial','arial';font-size:16px;color:#ffffff;font-weight:700;font-style:normal;text-decoration:none;text-align:center;background-color:rgba(173, 173, 173, 0.8);background-image:none;border-width:1px;border-style:solid;border-color:rgba(123, 38, 60, 1);border-radius:0px;box-shadow:none;}.lepopup-form-14 .lepopup-element .lepopup-button:hover,.lepopup-form-14 .lepopup-element .lepopup-button:focus{font-size:18px;color:rgba(237, 218, 223, 1);font-weight:700;font-style:normal;text-decoration:none;text-align:center;background-color:rgba(123, 38, 60, 1);background-image:none;border-width:1px;border-style:solid;border-color:rgba(237, 218, 223, 1);border-radius:0px;box-shadow:none;}.lepopup-form-14 .lepopup-element .lepopup-button:active{font-size:18px;color:rgba(237, 218, 223, 1);font-weight:700;font-style:normal;text-decoration:none;text-align:center;background-color:rgba(123, 38, 60, 1);background-image:none;border-width:1px;border-style:solid;border-color:rgba(237, 218, 223, 1);border-radius:0px;box-shadow:none;}.lepopup-form-14 .lepopup-element div.lepopup-input .lepopup-imageselect+label{border-width:1px;border-style:solid;border-color:#cccccc;border-radius:0px;box-shadow:none;}.lepopup-form-14 .lepopup-element div.lepopup-input .lepopup-imageselect+label span.lepopup-imageselect-label{font-size:15px;color:#444444;font-style:normal;text-decoration:none;text-align:left;}.lepopup-form-14 .lepopup-element div.lepopup-input input[type='checkbox'].lepopup-checkbox-tgl:checked+label:after{background-color:rgba(255, 255, 255, 1);}.lepopup-form-14 .lepopup-element div.lepopup-input input[type='checkbox'].lepopup-checkbox-classic+label,.lepopup-form-14 .lepopup-element div.lepopup-input input[type='checkbox'].lepopup-checkbox-fa-check+label,.lepopup-form-14 .lepopup-element div.lepopup-input input[type='checkbox'].lepopup-checkbox-square+label,.lepopup-form-14 .lepopup-element div.lepopup-input input[type='checkbox'].lepopup-checkbox-tgl+label{background-color:rgba(255, 255, 255, 1);border-color:rgba(173, 173, 173, 0.8);color:#000000;}.lepopup-form-14 .lepopup-element div.lepopup-input input[type='checkbox'].lepopup-checkbox-square:checked+label:after{background-color:#000000;}.lepopup-form-14 .lepopup-element div.lepopup-input input[type='checkbox'].lepopup-checkbox-tgl:checked+label,.lepopup-form-14 .lepopup-element div.lepopup-input input[type='checkbox'].lepopup-checkbox-tgl+label:after{background-color:#000000;}.lepopup-form-14 .lepopup-element div.lepopup-input input[type='radio'].lepopup-radio-classic+label,.lepopup-form-14 .lepopup-element div.lepopup-input input[type='radio'].lepopup-radio-fa-check+label,.lepopup-form-14 .lepopup-element div.lepopup-input input[type='radio'].lepopup-radio-dot+label{background-color:rgba(255, 255, 255, 1);border-color:rgba(173, 173, 173, 0.8);color:#000000;}.lepopup-form-14 .lepopup-element div.lepopup-input input[type='radio'].lepopup-radio-dot:checked+label:after{background-color:#000000;}.lepopup-form-14 .lepopup-element div.lepopup-input div.lepopup-multiselect>input[type='checkbox']+label:hover{background-color:#bd4070;color:#ffffff;}.lepopup-form-14 .lepopup-element div.lepopup-input div.lepopup-multiselect>input[type='checkbox']:checked+label{background-color:#a93a65;color:#ffffff;}.lepopup-form-14 .lepopup-element input[type='checkbox'].lepopup-tile+label, .lepopup-form-14 .lepopup-element input[type='radio'].lepopup-tile+label {font-size:15px;color:#444444;font-style:normal;text-decoration:none;text-align:center;background-color:#ffffff;background-image:none;border-width:1px;border-style:solid;border-color:#cccccc;border-radius:0px;box-shadow:none;}.lepopup-form-14 .lepopup-element-error{font-size:15px;color:#ffffff;font-style:normal;text-decoration:none;text-align:left;background-color:rgba(13, 12, 12, 1);background-image:none;}.lepopup-form-14 .lepopup-element-2 {background-color:rgba(123, 38, 60, 1);background-image:none;border-width:1px;border-style:none;border-color:transparent;border-radius:0px;box-shadow:none;}.lepopup-form-14 .lepopup-element-2{box-shadow: rgba(0,0,0,0.5) 3px 3px 3px; border-radius: 2px;}.lepopup-form-14 .lepopup-element-7 .lepopup-button, .lepopup-form-14 .lepopup-element-7 .lepopup-button:visited{background-color:rgba(247, 228, 232, 1);border-color:rgba(247, 228, 232, 1);color:rgba(123, 38, 60, 1);}.lepopup-form-14 .lepopup-element-7 a.lepopup-button{box-shadow: -4px 0px 0px rgba(0, 0, 0, 0.1) inset;}.lepopup-form-14 .lepopup-element-7 a.lepopup-button:hover{box-shadow: 4px 0px 0px rgba(0, 0, 0, 0.1) inset;}.lepopup-form-14 .lepopup-element-14 * {font-family:'Lucida Grande','arial';font-size:14px;color:#ffffff;font-style:normal;text-decoration:none;text-align:left;}.lepopup-form-14 .lepopup-element-14 {font-family:'Lucida Grande','arial';font-size:14px;color:#ffffff;font-style:normal;text-decoration:none;text-align:left;background-color:transparent;background-image:none;border-width:1px;border-style:none;border-color:transparent;border-radius:0px;box-shadow:none;padding-top:0px;padding-right:0px;padding-bottom:0px;padding-left:0px;}.lepopup-form-14 .lepopup-element-14 .lepopup-element-html-content {min-height:25px;}.lepopup-form-14 .lepopup-element-17 * {font-family:'Arial','arial';font-size:14px;color:#ffffff;font-style:normal;text-decoration:none;text-align:left;}.lepopup-form-14 .lepopup-element-17 {font-family:'Arial','arial';font-size:14px;color:#ffffff;font-style:normal;text-decoration:none;text-align:left;background-color:transparent;background-image:none;border-width:1px;border-style:none;border-color:transparent;border-radius:0px;box-shadow:none;padding-top:0px;padding-right:0px;padding-bottom:0px;padding-left:0px;}.lepopup-form-14 .lepopup-element-17 .lepopup-element-html-content {min-height:25px;}.lepopup-form-14 .lepopup-element-19 * {font-family:'Arial','arial';font-size:14px;color:#ffffff;font-style:normal;text-decoration:none;text-align:left;}.lepopup-form-14 .lepopup-element-19 {font-family:'Arial','arial';font-size:14px;color:#ffffff;font-style:normal;text-decoration:none;text-align:left;background-color:transparent;background-image:none;border-width:1px;border-style:none;border-color:transparent;border-radius:0px;box-shadow:none;padding-top:0px;padding-right:0px;padding-bottom:0px;padding-left:0px;}.lepopup-form-14 .lepopup-element-19 .lepopup-element-html-content {min-height:25px;}.lepopup-form-14 .lepopup-element-22 * {font-family:'Arial','arial';font-size:14px;color:#ffffff;font-style:normal;text-decoration:none;text-align:left;}.lepopup-form-14 .lepopup-element-22 {font-family:'Arial','arial';font-size:14px;color:#ffffff;font-style:normal;text-decoration:none;text-align:left;background-color:transparent;background-image:none;border-width:1px;border-style:none;border-color:transparent;border-radius:0px;box-shadow:none;padding-top:0px;padding-right:0px;padding-bottom:0px;padding-left:0px;}.lepopup-form-14 .lepopup-element-22 .lepopup-element-html-content {min-height:25px;}.lepopup-form-14 .lepopup-element-25 * {font-family:'Arial','arial';font-size:14px;color:#ffffff;font-style:normal;text-decoration:none;text-align:left;}.lepopup-form-14 .lepopup-element-25 {font-family:'Arial','arial';font-size:14px;color:#ffffff;font-style:normal;text-decoration:none;text-align:left;background-color:transparent;background-image:none;border-width:1px;border-style:none;border-color:transparent;border-radius:0px;box-shadow:none;padding-top:0px;padding-right:0px;padding-bottom:0px;padding-left:0px;}.lepopup-form-14 .lepopup-element-25 .lepopup-element-html-content {min-height:30px;}.lepopup-form-14 .lepopup-element-16 div.lepopup-input .lepopup-icon-left, .lepopup-form-14 .lepopup-element-16 div.lepopup-input .lepopup-icon-right {line-height:45px;}.lepopup-form-14 .lepopup-element-18 div.lepopup-input .lepopup-icon-left, .lepopup-form-14 .lepopup-element-18 div.lepopup-input .lepopup-icon-right {line-height:70px;}.lepopup-form-14 .lepopup-element-20 div.lepopup-input .lepopup-icon-left, .lepopup-form-14 .lepopup-element-20 div.lepopup-input .lepopup-icon-right {line-height:185px;}.lepopup-form-14 .lepopup-element-21 .lepopup-button, .lepopup-form-14 .lepopup-element-21 .lepopup-button:visited{border-color:rgba(245, 223, 223, 1);}.lepopup-form-14 .lepopup-element-21 a.lepopup-button {height:45px !important;}.lepopup-form-14 .lepopup-element-24 div.lepopup-input .lepopup-icon-left, .lepopup-form-14 .lepopup-element-24 div.lepopup-input .lepopup-icon-right {line-height:40px;}.lepopup-form-14 .lepopup-element-0 * {font-size:15px;color:#ffffff;font-style:normal;text-decoration:none;text-align:left;}.lepopup-form-14 .lepopup-element-0 {font-size:15px;color:#ffffff;font-style:normal;text-decoration:none;text-align:left;background-color:rgba(123, 38, 60, 1);background-image:none;border-width:0px;border-style:solid;border-color:#cccccc;border-radius:5px;box-shadow: 1px 1px 15px -6px #000000;padding-top:40px;padding-right:40px;padding-bottom:40px;padding-left:40px;}.lepopup-form-14 .lepopup-element-0 .lepopup-element-html-content {min-height:180px;}<\/style><div class=\"lepopup-inline\" style=\"margin: 0 auto;\"><div class=\"lepopup-form lepopup-form-14 lepopup-form-8KkXc5rGEMTXYueC lepopup-form-icon-inside lepopup-form-position-middle-center\" data-session=\"0\" data-id=\"8KkXc5rGEMTXYueC\" data-form-id=\"14\" data-slug=\"contact-formulaire-2\" data-title=\"Revue APP - Contact\" data-page=\"1\" data-xd=\"on\" data-width=\"400\" data-height=\"856\" data-position=\"middle-center\" data-esc=\"on\" data-enter=\"on\" style=\"display:none;width:400px;height:856px;\" onclick=\"event.stopPropagation();\"><div class=\"lepopup-form-inner\" style=\"width:400px;height:856px;\"><div class='lepopup-element lepopup-element-2 lepopup-element-rectangle' data-type='rectangle' data-top='0' data-left='5' data-animation-in='fadeIn' data-animation-out='fadeOut' style='animation-duration:1000ms;animation-delay:0ms;z-index:500;top:0px;left:5px;width:390px;height:850px;'><\/div><div class='lepopup-element lepopup-element-7' data-type='button' data-top='793' data-left='128' data-animation-in='zoomIn' data-animation-out='fadeOut' style='animation-duration:800ms;animation-delay:300ms;z-index:501;top:793px;left:128px;width:150px;height:39px;'><a class='lepopup-button lepopup-button-zoom-out ' href='#' onclick='return lepopup_submit(this);' data-label='ENVOYER' data-loading='Envoi...'><span>ENVOYER<\/span><\/a><\/div><div class='lepopup-element lepopup-element-14 lepopup-element-html' data-type='html' data-top='120' data-left='20' data-animation-in='fadeIn' data-animation-out='fadeOut' style='animation-duration:1000ms;animation-delay:700ms;z-index:503;top:120px;left:20px;width:160px;height:25px;'><div class='lepopup-element-html-content'>Nom et pr\u00e9nom :<\/div><\/div><div class='lepopup-element lepopup-element-17 lepopup-element-html' data-type='html' data-top='225' data-left='20' data-animation-in='fadeIn' data-animation-out='fadeOut' style='animation-duration:1000ms;animation-delay:700ms;z-index:505;top:225px;left:20px;width:165px;height:25px;'><div class='lepopup-element-html-content'>Localit\u00e9 et pays :<\/div><\/div><div class='lepopup-element lepopup-element-19 lepopup-element-html' data-type='html' data-top='354' data-left='20' data-animation-in='fadeIn' data-animation-out='fadeOut' style='animation-duration:1000ms;animation-delay:700ms;z-index:506;top:354px;left:20px;width:170px;height:25px;'><div class='lepopup-element-html-content'>Message :<\/div><\/div><div class='lepopup-element lepopup-element-22 lepopup-element-html' data-type='html' data-top='20' data-left='20' data-animation-in='fadeIn' data-animation-out='fadeOut' style='animation-duration:1000ms;animation-delay:700ms;z-index:506;top:20px;left:20px;width:165px;height:25px;'><div class='lepopup-element-html-content'>Adresse Email :<\/div><\/div><div class='lepopup-element lepopup-element-25 lepopup-element-html' data-type='html' data-top='594' data-left='55' data-animation-in='fadeIn' data-animation-out='fadeOut' style='animation-duration:1000ms;animation-delay:700ms;z-index:506;top:594px;left:55px;width:305px;height:30px;'><div class='lepopup-element-html-content'>Nous vous garantissons toute confidentialit\u00e9.<\/div><\/div><div class='lepopup-element lepopup-element-16' data-type='textarea' data-deps='' data-id='16' data-top='160' data-left='15' data-animation-in='fadeIn' data-animation-out='fadeOut' style='animation-duration:1000ms;animation-delay:0ms;z-index:507;top:160px;left:15px;width:360px;height:45px;'><div class='lepopup-input'><textarea name='lepopup-16' class='lepopup-ta-left ' placeholder='...' aria-label='Nom' data-default='' oninput='lepopup_input_changed(this);' onfocus='lepopup_input_error_hide(this);'><\/textarea><\/div><\/div><div class='lepopup-element lepopup-element-18' data-type='textarea' data-deps='' data-id='18' data-top='265' data-left='15' data-animation-in='fadeIn' data-animation-out='fadeOut' style='animation-duration:1000ms;animation-delay:0ms;z-index:508;top:265px;left:15px;width:360px;height:70px;'><div class='lepopup-input'><textarea name='lepopup-18' class='lepopup-ta-left ' placeholder='...' aria-label='Lieu' data-default='' oninput='lepopup_input_changed(this);' onfocus='lepopup_input_error_hide(this);'><\/textarea><\/div><\/div><div class='lepopup-element lepopup-element-20' data-type='textarea' data-deps='' data-id='20' data-top='394' data-left='15' data-animation-in='fadeIn' data-animation-out='fadeOut' style='animation-duration:1000ms;animation-delay:0ms;z-index:509;top:394px;left:15px;width:360px;height:185px;'><div class='lepopup-input'><textarea name='lepopup-20' class='lepopup-ta-left ' placeholder='...' aria-label='Message' data-default='' oninput='lepopup_input_changed(this);' onfocus='lepopup_input_error_hide(this);'><\/textarea><\/div><\/div><div class='lepopup-element lepopup-element-21' data-type='file' data-deps='' data-id='21' data-max-files='2' data-max-files-error='Deux fichiers seulement peuvent \u00eatre charg\u00e9s' data-max-size='10' data-max-size-error='Le fichier choisi est trop volumineux' data-allowed-extensions='.gif,.jpg,.jpeg,.png,.doc,.docx,.pdf' data-allowed-extensions-error='Le fichier choisi ne peut pas \u00eatre charg\u00e9' data-top='630' data-left='15' data-animation-in='fadeIn' data-animation-out='fadeOut' style='animation-duration:1000ms;animation-delay:0ms;z-index:510;top:630px;left:15px;width:360px;'><div class='lepopup-upload-input'><div class='lepopup-uploader-files'><\/div><div class='lepopup-uploaders'><\/div><input type='hidden' class='lepopup-uploader-template' value='CjxkaXYgY2xhc3M9ImxlcG9wdXAtdXBsb2FkZXIiIGlkPSIlJXVwbG9hZC1pZCUlIj4KCTxhIGNsYXNzPSJsZXBvcHVwLWJ1dHRvbiBsZXBvcHVwLWJ1dHRvbi16b29tLW91dCAiIG9uY2xpY2s9ImxlcG9wdXBfaW5wdXRfZXJyb3JfaGlkZSh0aGlzKTsgalF1ZXJ5KHRoaXMpLnBhcmVudCgpLmZpbmQoJ2lucHV0W3R5cGU9ZmlsZV0nKS5jbGljaygpOyByZXR1cm4gZmFsc2U7Ij48c3Bhbj5TaSB2b3VzIHZvdWxleiBqb2luZHJlIGRlcyBmaWNoaWVyczwvc3Bhbj48aSBjbGFzcz0nbGVwb3B1cC1pY29uLXJpZ2h0IGxlcG9wdXAtZmEgbGVwb3B1cC1mYS11cGxvYWQnPjwvaT48L2E+Cgk8ZGl2IGNsYXNzPSJsZXBvcHVwLXVwbG9hZGVyLWVuZ2luZSI+CgkJPGZvcm0gYWN0aW9uPSIlJWFqYXgtdXJsJSUiIG1ldGhvZD0iUE9TVCIgZW5jdHlwZT0ibXVsdGlwYXJ0L2Zvcm0tZGF0YSIgdGFyZ2V0PSJsZXBvcHVwLWlmcmFtZS0lJXVwbG9hZC1pZCUlIiBvbnN1Ym1pdD0icmV0dXJuIGxlcG9wdXBfdXBsb2FkZXJfc3RhcnQodGhpcyk7IiBzdHlsZT0iZGlzcGxheTogbm9uZSAhaW1wb3J0YW50OyB3aWR0aDogMCAhaW1wb3J0YW50OyBoZWlnaHQ6IDAgIWltcG9ydGFudDsiPgoJCQk8aW5wdXQgdHlwZT0iaGlkZGVuIiB2YWx1ZT0iJSV1cGxvYWQtaWQlJSIgbmFtZT0iUEhQX1NFU1NJT05fVVBMT0FEX1BST0dSRVNTIiAvPgoJCQk8aW5wdXQgdHlwZT0iaGlkZGVuIiBuYW1lPSJhY3Rpb24iIHZhbHVlPSJsZXBvcHVwLXVwbG9hZCIgLz4KCQkJPGlucHV0IHR5cGU9ImhpZGRlbiIgbmFtZT0idXBsb2FkLWlkIiB2YWx1ZT0iJSV1cGxvYWQtaWQlJSIgLz4KCQkJPGlucHV0IHR5cGU9ImhpZGRlbiIgbmFtZT0iZm9ybS1pZCIgdmFsdWU9IjE0IiAvPgoJCQk8aW5wdXQgdHlwZT0iaGlkZGVuIiBuYW1lPSJlbGVtZW50LWlkIiB2YWx1ZT0iMjEiIC8+CgkJCTxpbnB1dCB0eXBlPSJmaWxlIiBuYW1lPSJmaWxlc1tdIiBhY2NlcHQ9Ii5naWYsIC5qcGcsIC5qcGVnLCAucG5nLCAuZG9jLCAuZG9jeCwgLnBkZiIgbXVsdGlwbGU9Im11bHRpcGxlIiBvbmNoYW5nZT0ialF1ZXJ5KHRoaXMpLnBhcmVudCgpLnN1Ym1pdCgpOyIgc3R5bGU9ImRpc3BsYXk6IG5vbmUgIWltcG9ydGFudDsgd2lkdGg6IDAgIWltcG9ydGFudDsgaGVpZ2h0OiAwICFpbXBvcnRhbnQ7IiAvPgoJCQk8aW5wdXQgdHlwZT0ic3VibWl0IiB2YWx1ZT0iVXBsb2FkIiBzdHlsZT0iZGlzcGxheTogbm9uZSAhaW1wb3J0YW50OyB3aWR0aDogMCAhaW1wb3J0YW50OyBoZWlnaHQ6IDAgIWltcG9ydGFudDsiIC8+CgkJPC9mb3JtPgoJCTxpZnJhbWUgZGF0YS1sb2FkaW5nPSJmYWxzZSIgaWQ9ImxlcG9wdXAtaWZyYW1lLSUldXBsb2FkLWlkJSUiIG5hbWU9ImxlcG9wdXAtaWZyYW1lLSUldXBsb2FkLWlkJSUiIHNyYz0iYWJvdXQ6YmxhbmsiIG9ubG9hZD0ibGVwb3B1cF91cGxvYWRlcl9maW5pc2godGhpcyk7IiBzdHlsZT0iZGlzcGxheTogbm9uZSAhaW1wb3J0YW50OyB3aWR0aDogMCAhaW1wb3J0YW50OyBoZWlnaHQ6IDAgIWltcG9ydGFudDsiPjwvaWZyYW1lPgoJPC9kaXY+CjwvZGl2Pg==' \/><\/div><\/div><div class='lepopup-element lepopup-element-24' data-type='email' data-deps='' data-id='24' data-top='60' data-left='15' data-animation-in='fadeIn' data-animation-out='fadeOut' style='animation-duration:1000ms;animation-delay:0ms;z-index:524;top:60px;left:15px;width:360px;height:40px;'><div class='lepopup-input lepopup-icon-left'><i class='lepopup-icon-left lepopup-fa lepopup-fa-envelope-o'><\/i><input type='email' name='lepopup-24' class='lepopup-ta-left ' placeholder='' autocomplete='email' data-default='' value='' aria-label='Email' oninput='lepopup_input_changed(this);' onfocus='lepopup_input_error_hide(this);' \/><\/div><\/div><\/div><\/div><div class=\"lepopup-form lepopup-form-14 lepopup-form-8KkXc5rGEMTXYueC lepopup-form-icon-inside lepopup-form-position-middle-center\" data-session=\"0\" data-id=\"8KkXc5rGEMTXYueC\" data-form-id=\"14\" data-slug=\"contact-formulaire-2\" data-title=\"Revue APP - Contact\" data-page=\"confirmation\" data-xd=\"on\" data-width=\"420\" data-height=\"230\" data-position=\"middle-center\" data-esc=\"on\" data-enter=\"on\" style=\"display:none;width:420px;height:230px;\" onclick=\"event.stopPropagation();\"><div class=\"lepopup-form-inner\" style=\"width:420px;height:230px;\"><div class='lepopup-element lepopup-element-0 lepopup-element-html' data-type='html' data-top='20' data-left='55' data-animation-in='bounceInDown' data-animation-out='fadeOutUp' style='animation-duration:1000ms;animation-delay:0ms;z-index:500;top:20px;left:55px;width:320px;height:180px;'><div class='lepopup-element-html-content'><h4 style=\"text-align: center; font-size: 18px; font-weight: bold;\">Merci pour votre message<\/h4>\n\u00a0<h4 style=\"text-align: center; font-size: 18px; font-weight: bold;\">A bient\u00f4t<\/h4><\/div><\/div><\/div><\/div><input type=\"hidden\" id=\"lepopup-logic-8KkXc5rGEMTXYueC\" value=\"[]\" \/><\/div><\/p>\n<p>&nbsp;<\/p>\n<div id=\"themify_builder_content-34\" data-postid=\"34\" class=\"themify_builder_content themify_builder_content-34 themify_builder themify_builder_front\">\n\n\t<\/div>\n<!-- \/themify_builder_content -->","protected":false},"excerpt":{"rendered":"<p>Pour nous contacter ou nous adresser un message, veuillez remplir le formulaire ci-apr\u00e8s. Vous recevrez une r\u00e9ponse de notre part dans les meilleurs d\u00e9lais. &nbsp; &nbsp;<\/p>\n","protected":false},"author":2,"featured_media":0,"parent":0,"menu_order":11,"comment_status":"open","ping_status":"open","template":"","meta":{"footnotes":""},"class_list":["post-34","page","type-page","status-publish","hentry","has-post-title","no-post-date","has-post-category","has-post-tag","has-post-comment","has-post-author"],"jetpack_shortlink":"https:\/\/wp.me\/P3VXfJ-y","jetpack_sharing_enabled":true,"_links":{"self":[{"href":"https:\/\/www.analysedepratique.org\/index.php?rest_route=\/wp\/v2\/pages\/34","targetHints":{"allow":["GET"]}}],"collection":[{"href":"https:\/\/www.analysedepratique.org\/index.php?rest_route=\/wp\/v2\/pages"}],"about":[{"href":"https:\/\/www.analysedepratique.org\/index.php?rest_route=\/wp\/v2\/types\/page"}],"author":[{"embeddable":true,"href":"https:\/\/www.analysedepratique.org\/index.php?rest_route=\/wp\/v2\/users\/2"}],"replies":[{"embeddable":true,"href":"https:\/\/www.analysedepratique.org\/index.php?rest_route=%2Fwp%2Fv2%2Fcomments&post=34"}],"version-history":[{"count":21,"href":"https:\/\/www.analysedepratique.org\/index.php?rest_route=\/wp\/v2\/pages\/34\/revisions"}],"predecessor-version":[{"id":4195,"href":"https:\/\/www.analysedepratique.org\/index.php?rest_route=\/wp\/v2\/pages\/34\/revisions\/4195"}],"wp:attachment":[{"href":"https:\/\/www.analysedepratique.org\/index.php?rest_route=%2Fwp%2Fv2%2Fmedia&parent=34"}],"curies":[{"name":"wp","href":"https:\/\/api.w.org\/{rel}","templated":true}]}}