{"id":27,"date":"2013-05-19T18:06:20","date_gmt":"2013-05-19T17:06:20","guid":{"rendered":"http:\/\/www.analysedepratique.org\/?page_id=27"},"modified":"2022-11-24T12:46:16","modified_gmt":"2022-11-24T11:46:16","slug":"liens","status":"publish","type":"page","link":"https:\/\/www.analysedepratique.org\/?page_id=27","title":{"rendered":"Soutien"},"content":{"rendered":"<p style=\"text-align: justify;\">Il y a deux moyens de soutenir cette revue en ligne gratuite.<\/p>\n<p style=\"text-align: justify;\">Le premier et meilleur moyen consiste \u00e0 proposer un texte pour publication et \/ ou apporter des commentaires aux articles publi\u00e9s sur le site.<\/p>\n<p style=\"text-align: justify;\">Le second moyen de soutenir la revue consiste en une contribution sous forme de don,\u00a0m\u00eame modeste.<\/p>\n<p style=\"text-align: justify;\">Si les t\u00e2ches requises pour la parution r\u00e9guli\u00e8re de la revue sont assur\u00e9es b\u00e9n\u00e9volement par les membres fondateurs, nous avons plusieurs\u00a0frais li\u00e9s \u00e0 l\u2019\u00e9dition, \u00e0 la diffusion et \u00e0 l&rsquo;h\u00e9bergement des textes sur le site internet.<\/p>\n<p style=\"text-align: justify;\">Les dons peuvent\u00a0\u00eatre vers\u00e9s directement via Paypal\u00a0ou avec une carte de cr\u00e9dit en cliquant sur un des boutons ci-dessous.<br \/>\nVous serez redirig\u00e9s sur un site s\u00e9curis\u00e9 et vous pourrez choisir le montant que vous souhaitez verser.<\/p>\n<p style=\"text-align: justify;\">Vous recevrez ensuite un courriel de confirmation de votre versement.<\/p>\n<p>Don en Euros \u00e0 la Revue de l&rsquo;analyse de pratiques (via Marc Thi\u00e9baud) :<\/p>\n<form action=\"https:\/\/www.paypal.com\/donate\" method=\"post\" target=\"_top\"><input name=\"hosted_button_id\" type=\"hidden\" value=\"NCND9GPY79594\" \/><br \/>\n<input title=\"Don via PayPal\" alt=\"Donate with PayPal button\" name=\"submit\" src=\"https:\/\/www.paypalobjects.com\/fr_FR\/CH\/i\/btn\/btn_donateCC_LG.gif\" type=\"image\" \/><br \/>\n<img loading=\"lazy\" decoding=\"async\" src=\"https:\/\/www.paypal.com\/fr_CH\/i\/scr\/pixel.gif\" alt=\"\" width=\"1\" height=\"1\" border=\"0\" \/><\/form>\n<p>En francs suisses \u00e0 la Revue de l&rsquo;analyse de pratiques (via Marc Thi\u00e9baud) :<\/p>\n<form action=\"https:\/\/www.paypal.com\/donate\" method=\"post\" target=\"_top\"><input name=\"hosted_button_id\" type=\"hidden\" value=\"X53PCC5LZTGV2\" \/><br \/>\n<input title=\"Don via PayPal\" alt=\"Donate with PayPal button\" name=\"submit\" src=\"https:\/\/www.paypalobjects.com\/fr_FR\/CH\/i\/btn\/btn_donateCC_LG.gif\" type=\"image\" \/><br \/>\n<img loading=\"lazy\" decoding=\"async\" src=\"https:\/\/www.paypal.com\/fr_CH\/i\/scr\/pixel.gif\" alt=\"\" width=\"1\" height=\"1\" border=\"0\" \/><\/form>\n<p>&nbsp;<\/p>\n<p style=\"text-align: center;\"><strong>Les donatrices et donateurs recevront un lien pour un acc\u00e8s \u00e0 tous les num\u00e9ros complets<br \/>\n(un fichier PDF par num\u00e9ro en t\u00e9l\u00e9chargement)<br \/>\nainsi qu&rsquo;aux\u00a0sommaires comprenant les r\u00e9sum\u00e9s et mots-cl\u00e9s<br \/>\nde l\u2019ensemble des articles de chaque num\u00e9ro.<\/strong><\/p>\n<p>&nbsp;<\/p>\n<p>Pour toute question, vous pouvez adresser un message \u00e0 <a href=\"mailto:don@analysedepratique.org\"><strong>don[arobase]analysedepratique.org<\/strong><\/a><\/p>\n<p>D\u2019avance nous vous remercions de votre soutien.<\/p>\n<p>&nbsp;<\/p>\n<div id=\"themify_builder_content-27\" data-postid=\"27\" class=\"themify_builder_content themify_builder_content-27 themify_builder themify_builder_front\">\n\n\t<\/div>\n<!-- \/themify_builder_content -->","protected":false},"excerpt":{"rendered":"<p>Il y a deux moyens de soutenir cette revue en ligne gratuite. Le premier et meilleur moyen consiste \u00e0 proposer un texte pour publication et \/ ou apporter des commentaires aux articles publi\u00e9s sur le site. Le second moyen de soutenir la revue consiste en une contribution sous forme de don,\u00a0m\u00eame modeste. Si les t\u00e2ches [&hellip;]<\/p>\n","protected":false},"author":2,"featured_media":0,"parent":0,"menu_order":8,"comment_status":"open","ping_status":"open","template":"","meta":{"footnotes":""},"class_list":["post-27","page","type-page","status-publish","hentry","has-post-title","no-post-date","has-post-category","has-post-tag","has-post-comment","has-post-author"],"jetpack_shortlink":"https:\/\/wp.me\/P3VXfJ-r","jetpack_sharing_enabled":true,"_links":{"self":[{"href":"https:\/\/www.analysedepratique.org\/index.php?rest_route=\/wp\/v2\/pages\/27","targetHints":{"allow":["GET"]}}],"collection":[{"href":"https:\/\/www.analysedepratique.org\/index.php?rest_route=\/wp\/v2\/pages"}],"about":[{"href":"https:\/\/www.analysedepratique.org\/index.php?rest_route=\/wp\/v2\/types\/page"}],"author":[{"embeddable":true,"href":"https:\/\/www.analysedepratique.org\/index.php?rest_route=\/wp\/v2\/users\/2"}],"replies":[{"embeddable":true,"href":"https:\/\/www.analysedepratique.org\/index.php?rest_route=%2Fwp%2Fv2%2Fcomments&post=27"}],"version-history":[{"count":77,"href":"https:\/\/www.analysedepratique.org\/index.php?rest_route=\/wp\/v2\/pages\/27\/revisions"}],"predecessor-version":[{"id":5576,"href":"https:\/\/www.analysedepratique.org\/index.php?rest_route=\/wp\/v2\/pages\/27\/revisions\/5576"}],"wp:attachment":[{"href":"https:\/\/www.analysedepratique.org\/index.php?rest_route=%2Fwp%2Fv2%2Fmedia&parent=27"}],"curies":[{"name":"wp","href":"https:\/\/api.w.org\/{rel}","templated":true}]}}